{"id":4895,"date":"2024-02-05T16:06:32","date_gmt":"2024-02-05T15:06:32","guid":{"rendered":"https:\/\/www.seenaps.fr\/?page_id=4895"},"modified":"2025-05-21T11:17:54","modified_gmt":"2025-05-21T09:17:54","slug":"a-platform-designed-for-you","status":"publish","type":"page","link":"https:\/\/www.seenaps.fr\/en\/a-platform-designed-for-you\/","title":{"rendered":"A platform designed for you"},"content":{"rendered":"<section class=\"acf page-header welkomy has-background-color ombrage \" style=\"background:#f5f5f5\" id=\"\">\n    <div class=\"container\">\n        <div class=\"content\">\n        \t<nav id=\"breadcrumbs\" class=\"breadcrumb\"><span><span><a href=\"https:\/\/www.seenaps.fr\/en\/\">Home<\/a><\/span><\/span><\/nav>\n            <h1 class=\"titre\">A platform designed for you<\/h1>\n            <div class=\"contenu\">\n                <p>Seenaps is an innovative 360 platform offering a complete solution for network heads and their teams.<\/p>\n<p>Our platform encompasses all essential aspects &#8211; from recruitment to communication, training, animation and management of your retail network.<br \/>\n&nbsp;<br \/>\n<a class=\"btn-primaire\" href=\"https:\/\/www.seenaps.fr\/en\/all-our-modules\/\" target=\"\">Discover Seenaps modules<\/a><\/p>\n\n            <\/div>\n        <\/div>\n\n                    <div class=\"image\">\n                \n                <picture>\n                    <source type=\"image\/webp\" srcset=\"https:\/\/www.seenaps.fr\/app\/uploads\/2024\/02\/cheerful-female-executive-have-conversation-by-mob-2023-11-27-05-28-53-utc-770x514.webp, https:\/\/www.seenaps.fr\/app\/uploads\/2024\/02\/cheerful-female-executive-have-conversation-by-mob-2023-11-27-05-28-53-utc-770x514@2x.webp 2x\" media=\"(max-width: 425px)\">\n                    <source type=\"image\/jpeg\" srcset=\"https:\/\/www.seenaps.fr\/app\/uploads\/2024\/02\/cheerful-female-executive-have-conversation-by-mob-2023-11-27-05-28-53-utc-770x514.jpg, https:\/\/www.seenaps.fr\/app\/uploads\/2024\/02\/cheerful-female-executive-have-conversation-by-mob-2023-11-27-05-28-53-utc-770x514@2x.jpg 2x\" media=\"(max-width: 425px)\">\n\n                    <source type=\"image\/webp\" srcset=\"https:\/\/www.seenaps.fr\/app\/uploads\/2024\/02\/cheerful-female-executive-have-conversation-by-mob-2023-11-27-05-28-53-utc-1100x734.webp, https:\/\/www.seenaps.fr\/app\/uploads\/2024\/02\/cheerful-female-executive-have-conversation-by-mob-2023-11-27-05-28-53-utc-1100x734@2x.webp 2x\">\n                    <source type=\"image\/jpeg\" srcset=\"https:\/\/www.seenaps.fr\/app\/uploads\/2024\/02\/cheerful-female-executive-have-conversation-by-mob-2023-11-27-05-28-53-utc-1100x734.jpg, https:\/\/www.seenaps.fr\/app\/uploads\/2024\/02\/cheerful-female-executive-have-conversation-by-mob-2023-11-27-05-28-53-utc-1100x734@2x.jpg 2x\" media=\"(min-width: 426px)\">\n\n                    <img fetchpriority=\"high\" decoding=\"async\" loading=\"eager\" src=\"https:\/\/www.seenaps.fr\/app\/uploads\/2024\/02\/cheerful-female-executive-have-conversation-by-mob-2023-11-27-05-28-53-utc-1100x734.jpg\" alt=\"\" width=\"1100\" height=\"734\"\/>\n                <\/picture>\n            <\/div>\n        \n    <\/div>\n<\/section>\n\n<section class=\"acf media-texte-custom ombrage welkomy \" style=\"background:\" id=\"\">\n\n    <div class=\"container half reverse-order\">\n        <div class=\"image \">\n\n            <picture>\n                                <source type=\"image\/webp\" srcset=\"https:\/\/www.seenaps.fr\/app\/uploads\/2024\/02\/smiling-man-in-a-cafe-with-earphone-using-tablet-2023-11-27-05-28-42-utc-500x500.webp, https:\/\/www.seenaps.fr\/app\/uploads\/2024\/02\/smiling-man-in-a-cafe-with-earphone-using-tablet-2023-11-27-05-28-42-utc-500x500@2x.webp 2x\" media=\"(max-width: 425px)\">\n                <source type=\"image\/jpeg\" srcset=\"https:\/\/www.seenaps.fr\/app\/uploads\/2024\/02\/smiling-man-in-a-cafe-with-earphone-using-tablet-2023-11-27-05-28-42-utc-500x500.jpg, https:\/\/www.seenaps.fr\/app\/uploads\/2024\/02\/smiling-man-in-a-cafe-with-earphone-using-tablet-2023-11-27-05-28-42-utc-500x500@2x.jpg 2x\" media=\"(max-width: 425px)\">\n\n                                <source type=\"image\/webp\" srcset=\"https:\/\/www.seenaps.fr\/app\/uploads\/2024\/02\/smiling-man-in-a-cafe-with-earphone-using-tablet-2023-11-27-05-28-42-utc-1100x734.webp, https:\/\/www.seenaps.fr\/app\/uploads\/2024\/02\/smiling-man-in-a-cafe-with-earphone-using-tablet-2023-11-27-05-28-42-utc-1100x734@2x.webp 2x\">\n\n                                <img decoding=\"async\" loading=\"lazy\" class=\"animateOnScroll\" src=\"https:\/\/www.seenaps.fr\/app\/uploads\/2024\/02\/smiling-man-in-a-cafe-with-earphone-using-tablet-2023-11-27-05-28-42-utc-1100x734.jpg\" alt=\"franchise retail\" width=\"1100\" height=\"734\"\/>\n            <\/picture>\n        <\/div>\n\n        <div class=\"contenu animateOnScroll\">\n                        \n            <h3 style=\"font-weight: 400;\"><strong>THE all-in-one solution <\/strong><\/h3>\n<p style=\"font-weight: 400;\">Seenaps revolutionizes network management thanks to its unique 360\u00b0 platform. No need to juggle your different tools: with Seenaps, everything&#8217;s simplified! Our all-in-one solution covers all your network&#8217;s needs, from the network head to the field teams, encompassing your marketing, development, recruitment and animation departments. Cultivate synergies!  &nbsp;<\/p>\n\n\n                        \n    \n                            <a class=\"btn-primaire\" target=\"\" href=\"https:\/\/www.seenaps.fr\/en\/all-in-one\/\">I opt for the turnkey platform<\/a>\n            \n                    <\/div>\n\n    <\/div>\n<\/section>\n\n<section class=\"acf media-texte-custom ombrage welkomy has-background-color\" style=\"background:#f5f5f5\" id=\"\">\n\n    <div class=\"container half reverse-order\">\n        <div class=\"image \">\n\n            <picture>\n                                <source type=\"image\/webp\" srcset=\"https:\/\/www.seenaps.fr\/app\/uploads\/2024\/02\/laptop-designer-collaboration-and-business-people-2023-11-27-05-13-20-utc-500x500.webp, https:\/\/www.seenaps.fr\/app\/uploads\/2024\/02\/laptop-designer-collaboration-and-business-people-2023-11-27-05-13-20-utc-500x500@2x.webp 2x\" media=\"(max-width: 425px)\">\n                <source type=\"image\/jpeg\" srcset=\"https:\/\/www.seenaps.fr\/app\/uploads\/2024\/02\/laptop-designer-collaboration-and-business-people-2023-11-27-05-13-20-utc-500x500.jpg, https:\/\/www.seenaps.fr\/app\/uploads\/2024\/02\/laptop-designer-collaboration-and-business-people-2023-11-27-05-13-20-utc-500x500@2x.jpg 2x\" media=\"(max-width: 425px)\">\n\n                                <source type=\"image\/webp\" srcset=\"https:\/\/www.seenaps.fr\/app\/uploads\/2024\/02\/laptop-designer-collaboration-and-business-people-2023-11-27-05-13-20-utc-1100x693.webp, https:\/\/www.seenaps.fr\/app\/uploads\/2024\/02\/laptop-designer-collaboration-and-business-people-2023-11-27-05-13-20-utc-1100x693@2x.webp 2x\">\n\n                                <img decoding=\"async\" loading=\"lazy\" class=\"animateOnScroll\" src=\"https:\/\/www.seenaps.fr\/app\/uploads\/2024\/02\/laptop-designer-collaboration-and-business-people-2023-11-27-05-13-20-utc-1100x693.jpg\" alt=\"recrutement de franchis\u00e9s\" width=\"1100\" height=\"693\"\/>\n            <\/picture>\n        <\/div>\n\n        <div class=\"contenu animateOnScroll\">\n                        \n            <h3 style=\"font-weight: 400;\"><strong>Choose your modules and customize your platform<\/strong><\/h3>\n<p style=\"font-weight: 400;\">Seenaps&#8217; innovation lies particularly in its modularity. By using our \u00e0 la carte modules, you choose the ones that meet your specific needs. With Seenaps, you can start with 1, 2, 3, 4 or 5 modules at any time! Our flexibility guarantees a solution perfectly adapted to each stage of your growth.<\/p>\n\n\n                        \n    \n                            <a class=\"btn-primaire\" target=\"\" href=\"https:\/\/www.seenaps.fr\/en\/modularity\/\">I choose modularity<\/a>\n            \n                    <\/div>\n\n    <\/div>\n<\/section>\n\n<section class=\"acf media-texte-custom ombrage welkomy \" style=\"background:\" id=\"\">\n\n    <div class=\"container half reverse-order\">\n        <div class=\"image \">\n\n            <picture>\n                                <source type=\"image\/webp\" srcset=\"https:\/\/www.seenaps.fr\/app\/uploads\/2024\/02\/youve-done-a-great-job-with-this-report-2023-11-27-04-51-54-utc-500x500.webp, https:\/\/www.seenaps.fr\/app\/uploads\/2024\/02\/youve-done-a-great-job-with-this-report-2023-11-27-04-51-54-utc-500x500@2x.webp 2x\" media=\"(max-width: 425px)\">\n                <source type=\"image\/jpeg\" srcset=\"https:\/\/www.seenaps.fr\/app\/uploads\/2024\/02\/youve-done-a-great-job-with-this-report-2023-11-27-04-51-54-utc-500x500.jpg, https:\/\/www.seenaps.fr\/app\/uploads\/2024\/02\/youve-done-a-great-job-with-this-report-2023-11-27-04-51-54-utc-500x500@2x.jpg 2x\" media=\"(max-width: 425px)\">\n\n                                <source type=\"image\/webp\" srcset=\"https:\/\/www.seenaps.fr\/app\/uploads\/2024\/02\/youve-done-a-great-job-with-this-report-2023-11-27-04-51-54-utc-1100x734.webp, https:\/\/www.seenaps.fr\/app\/uploads\/2024\/02\/youve-done-a-great-job-with-this-report-2023-11-27-04-51-54-utc-1100x734@2x.webp 2x\">\n\n                                <img decoding=\"async\" loading=\"lazy\" class=\"animateOnScroll\" src=\"https:\/\/www.seenaps.fr\/app\/uploads\/2024\/02\/youve-done-a-great-job-with-this-report-2023-11-27-04-51-54-utc-1100x734.jpg\" alt=\"\" width=\"1100\" height=\"734\"\/>\n            <\/picture>\n        <\/div>\n\n        <div class=\"contenu animateOnScroll\">\n                        \n            <h3 style=\"font-weight: 400;\"><strong>Performance: optimize your development<\/strong><\/h3>\n<p style=\"font-weight: 400;\">From network development to sales development, boost your performance at every level. Our turnkey modules enable you to improve efficiency, fluidity, follow-up and rapid decision-making.<\/p>\n\n\n                        \n    \n                            <a class=\"btn-primaire\" target=\"\" href=\"https:\/\/www.seenaps.fr\/en\/performance\/\">I want my network to perform<\/a>\n            \n                    <\/div>\n\n    <\/div>\n<\/section>\n\n<section class=\"acf media-texte-custom ombrage welkomy has-background-color\" style=\"background:#f5f5f5\" id=\"\">\n\n    <div class=\"container half reverse-order\">\n        <div class=\"image \">\n\n            <picture>\n                                <source type=\"image\/webp\" srcset=\"https:\/\/www.seenaps.fr\/app\/uploads\/2024\/02\/words-of-support-or-help-with-advice-communicatio-2023-11-27-05-12-22-utc-500x500.webp, https:\/\/www.seenaps.fr\/app\/uploads\/2024\/02\/words-of-support-or-help-with-advice-communicatio-2023-11-27-05-12-22-utc-500x500@2x.webp 2x\" media=\"(max-width: 425px)\">\n                <source type=\"image\/jpeg\" srcset=\"https:\/\/www.seenaps.fr\/app\/uploads\/2024\/02\/words-of-support-or-help-with-advice-communicatio-2023-11-27-05-12-22-utc-500x500.jpg, https:\/\/www.seenaps.fr\/app\/uploads\/2024\/02\/words-of-support-or-help-with-advice-communicatio-2023-11-27-05-12-22-utc-500x500@2x.jpg 2x\" media=\"(max-width: 425px)\">\n\n                                <source type=\"image\/webp\" srcset=\"https:\/\/www.seenaps.fr\/app\/uploads\/2024\/02\/words-of-support-or-help-with-advice-communicatio-2023-11-27-05-12-22-utc-1100x733.webp, https:\/\/www.seenaps.fr\/app\/uploads\/2024\/02\/words-of-support-or-help-with-advice-communicatio-2023-11-27-05-12-22-utc-1100x733@2x.webp 2x\">\n\n                                <img decoding=\"async\" loading=\"lazy\" class=\"animateOnScroll\" src=\"https:\/\/www.seenaps.fr\/app\/uploads\/2024\/02\/words-of-support-or-help-with-advice-communicatio-2023-11-27-05-12-22-utc-1100x733.jpg\" alt=\"Animation r\u00e9seau\" width=\"1100\" height=\"733\"\/>\n            <\/picture>\n        <\/div>\n\n        <div class=\"contenu animateOnScroll\">\n                        \n            <h3 style=\"font-weight: 400;\"><strong>Benefit from customized support<\/strong><\/h3>\n<p style=\"font-weight: 400;\">With Seenaps, you can improve your performance. We are expert members of the F\u00e9d\u00e9ration Fran\u00e7aise de la Franchise, and our teams have in-depth knowledge of the networked business sector. This knowledge enables us to create modules perfectly adapted to your business needs, so that you can optimize your development with peace of mind. Seenaps is not just a platform, but a performance lever for your network!<\/p>\n\n\n                        \n    \n                            <a class=\"btn-primaire\" target=\"\" href=\"https:\/\/www.seenaps.fr\/en\/support\/\">I would like support<\/a>\n            \n                    <\/div>\n\n    <\/div>\n<\/section>\n\n<section class=\"acf faq ombrage welkomy\" id=\"\">\n    <div class=\"container\">\n        <div class=\"content animateOnScroll\">\n            <h2 class=\"titre\">The benefits of Seenaps<\/h2>\n            <div class=\"contenu\">\n                <p style=\"font-weight: 400;\">The Seenaps teams work closely with all our customers on a daily basis to meet their needs as fully as possible. Thanks to their expertise and knowledge of the market, you can benefit from a concrete, high value-added vision.<\/p>\n<p style=\"font-weight: 400;\">Designed around the real needs of retail networks, Seenaps frees you from time-consuming, time-consuming organization. Communicate, train, manage and recruit efficiently with our platform!<\/p>\n<ul class=\"liste-6tm\">\n<li><strong>Time savings and traceability<br \/>\n<\/strong>Free up your staff&#8217;s mental workload with efficient tracking and optimized data management.<\/li>\n<li><strong>Smoother communication<\/strong><br \/>\nLess loss of information thanks to our integrated communication module.<\/li>\n<li><strong>Complete franchisee or affiliate management<\/strong><br \/>\nFollow the progress of each franchisee, from recruitment to exit.<\/li>\n<li><strong>Autonomy and performance<\/strong><br \/>\nReinforce the autonomy of your field teams and brands, while supporting them in achieving their objectives.<\/li>\n<li><strong>Network management<\/strong><br \/>\nManage your network in real time and get an overall view of its health.<\/li>\n<\/ul>\n\n            <\/div>\n                    <\/div>\n        <div class=\"image animateOnScroll\">\n            <picture>\n                <source type=\"image\/webp\" srcset=\"https:\/\/www.seenaps.fr\/app\/uploads\/2024\/02\/startup-team-working-in-a-coworking-space-2023-11-27-05-36-40-utc-500x500.webp, https:\/\/www.seenaps.fr\/app\/uploads\/2024\/02\/startup-team-working-in-a-coworking-space-2023-11-27-05-36-40-utc-500x500@2x.webp 2x\" media=\"(max-width: 425px)\">\n                <source type=\"image\/jpeg\" srcset=\"https:\/\/www.seenaps.fr\/app\/uploads\/2024\/02\/startup-team-working-in-a-coworking-space-2023-11-27-05-36-40-utc-500x500.jpg, https:\/\/www.seenaps.fr\/app\/uploads\/2024\/02\/startup-team-working-in-a-coworking-space-2023-11-27-05-36-40-utc-500x500@2x.jpg 2x\" media=\"(max-width: 425px)\">\n\n                <source type=\"image\/webp\" srcset=\"https:\/\/www.seenaps.fr\/app\/uploads\/2024\/02\/startup-team-working-in-a-coworking-space-2023-11-27-05-36-40-utc.webp, https:\/\/www.seenaps.fr\/app\/uploads\/2024\/02\/startup-team-working-in-a-coworking-space-2023-11-27-05-36-40-utc@2x.webp 2x\">\n                <source type=\"image\/jpeg\" srcset=\"https:\/\/www.seenaps.fr\/app\/uploads\/2024\/02\/startup-team-working-in-a-coworking-space-2023-11-27-05-36-40-utc.jpg, https:\/\/www.seenaps.fr\/app\/uploads\/2024\/02\/startup-team-working-in-a-coworking-space-2023-11-27-05-36-40-utc@2x.jpg 2x\" media=\"(min-width: 426px)\">\n\n                <img decoding=\"async\" loading=\"eager\" src=\"https:\/\/www.seenaps.fr\/app\/uploads\/2024\/02\/startup-team-working-in-a-coworking-space-2023-11-27-05-36-40-utc.jpg\" alt=\"\" width=\"1800\" height=\"1400\"\/>\n            <\/picture>\n        <\/div>\n    <\/div>\n<\/section>\n\n<section class=\"acf  cta welkomy has-background-color text-color-light\" id=\"\">\n    <div class=\"container\">    \n        <div class=\"contenu animateOnScroll\">\n            <p style=\"font-weight: 400; text-align: center;\">Request a free tour of our platform today!<span style=\"font-weight: 400;\">\u00a0!<\/span><\/p>\n<p style=\"font-weight: 400; text-align: center;\">\n\n        <\/div>\n                    <div class=\"liens animateOnScroll\">\n                                    <a class=\"btn-primaire\" href=\"https:\/\/www.seenaps.fr\/en\/contact-us\/\" target=\"\">Let&#8217;s meet!<\/a>\n                            <\/div>\n            <\/div>\n\n    \n<\/section>","protected":false},"excerpt":{"rendered":"","protected":false},"author":1,"featured_media":0,"parent":0,"menu_order":0,"comment_status":"closed","ping_status":"closed","template":"","meta":{"_acf_changed":false,"content-type":"","footnotes":""},"acf":[],"yoast_head":"<!-- This site is optimized with the Yoast SEO plugin v22.1 - https:\/\/yoast.com\/wordpress\/plugins\/seo\/ -->\n<title>A platform designed for you - Seenaps<\/title>\n<meta name=\"description\" content=\"Seenaps: your all-in-one solution for managing and developing your retail network. Customizable modules for optimized management and expert support.\" \/>\n<meta name=\"robots\" content=\"index, follow, max-snippet:-1, max-image-preview:large, max-video-preview:-1\" \/>\n<link rel=\"canonical\" href=\"https:\/\/www.seenaps.fr\/en\/a-platform-designed-for-you\/\" \/>\n<meta property=\"og:locale\" content=\"en_US\" \/>\n<meta property=\"og:type\" content=\"article\" \/>\n<meta property=\"og:title\" content=\"A platform designed for you - Seenaps\" \/>\n<meta property=\"og:description\" content=\"Seenaps: your all-in-one solution for managing and developing your retail network. Customizable modules for optimized management and expert support.\" \/>\n<meta property=\"og:url\" content=\"https:\/\/www.seenaps.fr\/en\/a-platform-designed-for-you\/\" \/>\n<meta property=\"og:site_name\" content=\"Seenaps\" \/>\n<meta property=\"article:modified_time\" content=\"2025-05-21T09:17:54+00:00\" \/>\n<meta name=\"twitter:card\" content=\"summary_large_image\" \/>\n<script type=\"application\/ld+json\" class=\"yoast-schema-graph\">{\"@context\":\"https:\/\/schema.org\",\"@graph\":[{\"@type\":\"WebPage\",\"@id\":\"https:\/\/www.seenaps.fr\/en\/a-platform-designed-for-you\/\",\"url\":\"https:\/\/www.seenaps.fr\/en\/a-platform-designed-for-you\/\",\"name\":\"A platform designed for you - Seenaps\",\"isPartOf\":{\"@id\":\"https:\/\/www.seenaps.fr\/en\/#website\"},\"datePublished\":\"2024-02-05T15:06:32+00:00\",\"dateModified\":\"2025-05-21T09:17:54+00:00\",\"description\":\"Seenaps: your all-in-one solution for managing and developing your retail network. Customizable modules for optimized management and expert support.\",\"breadcrumb\":{\"@id\":\"https:\/\/www.seenaps.fr\/en\/a-platform-designed-for-you\/#breadcrumb\"},\"inLanguage\":\"en-US\",\"potentialAction\":[{\"@type\":\"ReadAction\",\"target\":[\"https:\/\/www.seenaps.fr\/en\/a-platform-designed-for-you\/\"]}]},{\"@type\":\"BreadcrumbList\",\"@id\":\"https:\/\/www.seenaps.fr\/en\/a-platform-designed-for-you\/#breadcrumb\",\"itemListElement\":[{\"@type\":\"ListItem\",\"position\":1,\"name\":\"Home\",\"item\":\"https:\/\/www.seenaps.fr\/en\/\"},{\"@type\":\"ListItem\",\"position\":2,\"name\":\"A platform designed for you\"}]},{\"@type\":\"WebSite\",\"@id\":\"https:\/\/www.seenaps.fr\/en\/#website\",\"url\":\"https:\/\/www.seenaps.fr\/en\/\",\"name\":\"Seenaps\",\"description\":\"\",\"potentialAction\":[{\"@type\":\"SearchAction\",\"target\":{\"@type\":\"EntryPoint\",\"urlTemplate\":\"https:\/\/www.seenaps.fr\/en\/?s={search_term_string}\"},\"query-input\":\"required name=search_term_string\"}],\"inLanguage\":\"en-US\"}]}<\/script>\n<!-- \/ Yoast SEO plugin. -->","yoast_head_json":{"title":"A platform designed for you - Seenaps","description":"Seenaps: your all-in-one solution for managing and developing your retail network. Customizable modules for optimized management and expert support.","robots":{"index":"index","follow":"follow","max-snippet":"max-snippet:-1","max-image-preview":"max-image-preview:large","max-video-preview":"max-video-preview:-1"},"canonical":"https:\/\/www.seenaps.fr\/en\/a-platform-designed-for-you\/","og_locale":"en_US","og_type":"article","og_title":"A platform designed for you - Seenaps","og_description":"Seenaps: your all-in-one solution for managing and developing your retail network. Customizable modules for optimized management and expert support.","og_url":"https:\/\/www.seenaps.fr\/en\/a-platform-designed-for-you\/","og_site_name":"Seenaps","article_modified_time":"2025-05-21T09:17:54+00:00","twitter_card":"summary_large_image","schema":{"@context":"https:\/\/schema.org","@graph":[{"@type":"WebPage","@id":"https:\/\/www.seenaps.fr\/en\/a-platform-designed-for-you\/","url":"https:\/\/www.seenaps.fr\/en\/a-platform-designed-for-you\/","name":"A platform designed for you - Seenaps","isPartOf":{"@id":"https:\/\/www.seenaps.fr\/en\/#website"},"datePublished":"2024-02-05T15:06:32+00:00","dateModified":"2025-05-21T09:17:54+00:00","description":"Seenaps: your all-in-one solution for managing and developing your retail network. Customizable modules for optimized management and expert support.","breadcrumb":{"@id":"https:\/\/www.seenaps.fr\/en\/a-platform-designed-for-you\/#breadcrumb"},"inLanguage":"en-US","potentialAction":[{"@type":"ReadAction","target":["https:\/\/www.seenaps.fr\/en\/a-platform-designed-for-you\/"]}]},{"@type":"BreadcrumbList","@id":"https:\/\/www.seenaps.fr\/en\/a-platform-designed-for-you\/#breadcrumb","itemListElement":[{"@type":"ListItem","position":1,"name":"Home","item":"https:\/\/www.seenaps.fr\/en\/"},{"@type":"ListItem","position":2,"name":"A platform designed for you"}]},{"@type":"WebSite","@id":"https:\/\/www.seenaps.fr\/en\/#website","url":"https:\/\/www.seenaps.fr\/en\/","name":"Seenaps","description":"","potentialAction":[{"@type":"SearchAction","target":{"@type":"EntryPoint","urlTemplate":"https:\/\/www.seenaps.fr\/en\/?s={search_term_string}"},"query-input":"required name=search_term_string"}],"inLanguage":"en-US"}]}},"_links":{"self":[{"href":"https:\/\/www.seenaps.fr\/en\/wp-json\/wp\/v2\/pages\/4895"}],"collection":[{"href":"https:\/\/www.seenaps.fr\/en\/wp-json\/wp\/v2\/pages"}],"about":[{"href":"https:\/\/www.seenaps.fr\/en\/wp-json\/wp\/v2\/types\/page"}],"author":[{"embeddable":true,"href":"https:\/\/www.seenaps.fr\/en\/wp-json\/wp\/v2\/users\/1"}],"replies":[{"embeddable":true,"href":"https:\/\/www.seenaps.fr\/en\/wp-json\/wp\/v2\/comments?post=4895"}],"version-history":[{"count":4,"href":"https:\/\/www.seenaps.fr\/en\/wp-json\/wp\/v2\/pages\/4895\/revisions"}],"predecessor-version":[{"id":5505,"href":"https:\/\/www.seenaps.fr\/en\/wp-json\/wp\/v2\/pages\/4895\/revisions\/5505"}],"wp:attachment":[{"href":"https:\/\/www.seenaps.fr\/en\/wp-json\/wp\/v2\/media?parent=4895"}],"curies":[{"name":"wp","href":"https:\/\/api.w.org\/{rel}","templated":true}]}}